{"id":10573,"date":"2025-07-07T17:46:56","date_gmt":"2025-07-07T22:46:56","guid":{"rendered":"https:\/\/solutionspragmatic.com\/eppsraidon\/?post_type=product&#038;p=10573"},"modified":"2025-07-07T17:47:05","modified_gmt":"2025-07-07T22:47:05","slug":"lentes-de-seguridad-derma-care-al655clf","status":"publish","type":"product","link":"https:\/\/solutionspragmatic.com\/eppsraidon\/index.php\/product\/lentes-de-seguridad-derma-care-al655clf\/","title":{"rendered":"Lentes de seguridad Derma Care AL655CLF"},"content":{"rendered":"<p>Lente de seguridad, fabricado de policarbonato con tratamiento antiempa\u00f1o y antirayaduras, protecci\u00f3n alto impacto, filtra el 99% de los rayos UV. Puente nasal de silic\u00f3n suave y seguro, patas tipo bayoneta, que reduce la presi\u00f3n al hueso mastoidal.<\/p>\n","protected":false},"excerpt":{"rendered":"<p>Lente de seguridad, fabricado de policarbonato con tratamiento antiempa\u00f1o y antirayaduras, protecci\u00f3n alto impacto, filtra el 99% de los rayos<\/p>\n","protected":false},"featured_media":10574,"comment_status":"open","ping_status":"closed","template":"","meta":[],"product_brand":[49],"product_cat":[78],"product_tag":[],"class_list":{"0":"post-10573","1":"product","2":"type-product","3":"status-publish","4":"has-post-thumbnail","6":"product_brand-3m","7":"product_cat-lentes","9":"first","10":"instock","11":"sale","12":"shipping-taxable","13":"purchasable","14":"product-type-simple"},"_links":{"self":[{"href":"https:\/\/solutionspragmatic.com\/eppsraidon\/index.php\/wp-json\/wp\/v2\/product\/10573","targetHints":{"allow":["GET"]}}],"collection":[{"href":"https:\/\/solutionspragmatic.com\/eppsraidon\/index.php\/wp-json\/wp\/v2\/product"}],"about":[{"href":"https:\/\/solutionspragmatic.com\/eppsraidon\/index.php\/wp-json\/wp\/v2\/types\/product"}],"replies":[{"embeddable":true,"href":"https:\/\/solutionspragmatic.com\/eppsraidon\/index.php\/wp-json\/wp\/v2\/comments?post=10573"}],"wp:featuredmedia":[{"embeddable":true,"href":"https:\/\/solutionspragmatic.com\/eppsraidon\/index.php\/wp-json\/wp\/v2\/media\/10574"}],"wp:attachment":[{"href":"https:\/\/solutionspragmatic.com\/eppsraidon\/index.php\/wp-json\/wp\/v2\/media?parent=10573"}],"wp:term":[{"taxonomy":"product_brand","embeddable":true,"href":"https:\/\/solutionspragmatic.com\/eppsraidon\/index.php\/wp-json\/wp\/v2\/product_brand?post=10573"},{"taxonomy":"product_cat","embeddable":true,"href":"https:\/\/solutionspragmatic.com\/eppsraidon\/index.php\/wp-json\/wp\/v2\/product_cat?post=10573"},{"taxonomy":"product_tag","embeddable":true,"href":"https:\/\/solutionspragmatic.com\/eppsraidon\/index.php\/wp-json\/wp\/v2\/product_tag?post=10573"}],"curies":[{"name":"wp","href":"https:\/\/api.w.org\/{rel}","templated":true}]}}